{"id":1473,"date":"2026-04-28T19:39:06","date_gmt":"2026-04-29T01:39:06","guid":{"rendered":"https:\/\/macrosist.com\/?page_id=1473"},"modified":"2026-04-28T22:20:29","modified_gmt":"2026-04-29T04:20:29","slug":"requisitos-del-equipo","status":"publish","type":"page","link":"https:\/\/macrosist.com\/?page_id=1473","title":{"rendered":"Requisitos del Equipo"},"content":{"rendered":"\n<p>Para instalar correctamente Interceptor en su PC deber\u00e1 tener las siguientes caracter\u00edsticas:<\/p>\n\n\n\n<ol class=\"wp-block-list\">\n<li>Microsoft Windows 10 o Microsoft Windows 11<\/li>\n\n\n\n<li>4Gb en RAM o superior<\/li>\n\n\n\n<li>Procesador con velocidad de 2.0 GHz o superior<\/li>\n\n\n\n<li>Pantalla del PC con orientaci\u00f3n horizontal<\/li>\n\n\n\n<li>Google Chrome (Vers. 147.0.7727.137) y\/o Microsoft Edge (Vers. 147.0.3912.86) y\/o Mozilla Firefox (Vers. 150.0.1)<\/li>\n\n\n\n<li>Es posible que <strong>Interceptor<\/strong> intente administrar la navegaci\u00f3n en otros navegadores pero no se asegura.<\/li>\n\n\n\n<li>Tener Microsoft Windows instalado en unidad C:\\<\/li>\n\n\n\n<li>Poseer en el equipo la sig. carpeta (creada por Windows) C:\\Program Files (x86)<\/li>\n\n\n\n<li>Acceso a la cuenta de tipo Administrador en Windows para el Padre<\/li>\n\n\n\n<li>Acceso a una cuenta de usuario normal para su(s) hijo(s)<\/li>\n\n\n\n<li>El PC deber\u00e1 tener la hora correcta en Windows.<\/li>\n\n\n\n<li>Est\u00e1 pensado para proteger ni\u00f1os de 8 a\u00f1os hacia abajo.<\/li>\n<\/ol>\n\n\n\n<p><strong>En un PC con caracter\u00edsticas diferentes a las mencionadas arriba es tambi\u00e9n posible un funcionamiento adecuado, pero ya no es asegurado.<\/strong><\/p>\n\n\n\n<p><\/p>\n","protected":false},"excerpt":{"rendered":"<p>Para instalar correctamente Interceptor en su PC deber\u00e1 tener las siguientes caracter\u00edsticas: En un PC con caracter\u00edsticas diferentes a las mencionadas arriba es tambi\u00e9n posible un funcionamiento adecuado, pero ya no es asegurado.<\/p>\n","protected":false},"author":1,"featured_media":0,"parent":0,"menu_order":0,"comment_status":"closed","ping_status":"closed","template":"","meta":{"site-sidebar-layout":"default","site-content-layout":"","ast-site-content-layout":"default","site-content-style":"default","site-sidebar-style":"default","ast-global-header-display":"","ast-banner-title-visibility":"","ast-main-header-display":"","ast-hfb-above-header-display":"","ast-hfb-below-header-display":"","ast-hfb-mobile-header-display":"","site-post-title":"","ast-breadcrumbs-content":"","ast-featured-img":"","footer-sml-layout":"","ast-disable-related-posts":"","theme-transparent-header-meta":"","adv-header-id-meta":"","stick-header-meta":"","header-above-stick-meta":"","header-main-stick-meta":"","header-below-stick-meta":"","astra-migrate-meta-layouts":"set","ast-page-background-enabled":"default","ast-page-background-meta":{"desktop":{"background-color":"var(--ast-global-color-4)","background-image":"","background-repeat":"repeat","background-position":"center center","background-size":"auto","background-attachment":"scroll","background-type":"","background-media":"","overlay-type":"","overlay-color":"","overlay-opacity":"","overlay-gradient":""},"tablet":{"background-color":"","background-image":"","background-repeat":"repeat","background-position":"center center","background-size":"auto","background-attachment":"scroll","background-type":"","background-media":"","overlay-type":"","overlay-color":"","overlay-opacity":"","overlay-gradient":""},"mobile":{"background-color":"","background-image":"","background-repeat":"repeat","background-position":"center center","background-size":"auto","background-attachment":"scroll","background-type":"","background-media":"","overlay-type":"","overlay-color":"","overlay-opacity":"","overlay-gradient":""}},"ast-content-background-meta":{"desktop":{"background-color":"var(--ast-global-color-5)","background-image":"","background-repeat":"repeat","background-position":"center center","background-size":"auto","background-attachment":"scroll","background-type":"","background-media":"","overlay-type":"","overlay-color":"","overlay-opacity":"","overlay-gradient":""},"tablet":{"background-color":"var(--ast-global-color-5)","background-image":"","background-repeat":"repeat","background-position":"center center","background-size":"auto","background-attachment":"scroll","background-type":"","background-media":"","overlay-type":"","overlay-color":"","overlay-opacity":"","overlay-gradient":""},"mobile":{"background-color":"var(--ast-global-color-5)","background-image":"","background-repeat":"repeat","background-position":"center center","background-size":"auto","background-attachment":"scroll","background-type":"","background-media":"","overlay-type":"","overlay-color":"","overlay-opacity":"","overlay-gradient":""}},"footnotes":""},"class_list":["post-1473","page","type-page","status-publish","hentry"],"_links":{"self":[{"href":"https:\/\/macrosist.com\/index.php?rest_route=\/wp\/v2\/pages\/1473","targetHints":{"allow":["GET"]}}],"collection":[{"href":"https:\/\/macrosist.com\/index.php?rest_route=\/wp\/v2\/pages"}],"about":[{"href":"https:\/\/macrosist.com\/index.php?rest_route=\/wp\/v2\/types\/page"}],"author":[{"embeddable":true,"href":"https:\/\/macrosist.com\/index.php?rest_route=\/wp\/v2\/users\/1"}],"replies":[{"embeddable":true,"href":"https:\/\/macrosist.com\/index.php?rest_route=%2Fwp%2Fv2%2Fcomments&post=1473"}],"version-history":[{"count":6,"href":"https:\/\/macrosist.com\/index.php?rest_route=\/wp\/v2\/pages\/1473\/revisions"}],"predecessor-version":[{"id":1498,"href":"https:\/\/macrosist.com\/index.php?rest_route=\/wp\/v2\/pages\/1473\/revisions\/1498"}],"wp:attachment":[{"href":"https:\/\/macrosist.com\/index.php?rest_route=%2Fwp%2Fv2%2Fmedia&parent=1473"}],"curies":[{"name":"wp","href":"https:\/\/api.w.org\/{rel}","templated":true}]}}